{"id":1671,"date":"2019-10-23T08:42:22","date_gmt":"2019-10-23T13:42:22","guid":{"rendered":"http:\/\/demo.roadthemes.com\/autima\/?page_id=1671"},"modified":"2021-02-17T16:30:57","modified_gmt":"2021-02-17T21:30:57","slug":"about-us","status":"publish","type":"page","link":"https:\/\/bujesyescobillas.com\/?page_id=1671","title":{"rendered":"Nosotros"},"content":{"rendered":"<p>[vc_row css=&#8221;.vc_custom_1571986910831{margin-top: 65px !important;}&#8221; el_class=&#8221;row-about-1&#8243;][vc_column width=&#8221;1\/2&#8243;][vc_custom_heading text=&#8221;B&amp;E Una Empresa<br \/>\ncon Calidad&#8221; use_theme_fonts=&#8221;yes&#8221;][vc_column_text]Somos una empresa con m\u00e1s de 30 a\u00f1os de experiencia en el mercado de autopartes, nos enfocamos en la venta de Bujes y Escobillas entre otras l\u00edneas para poder abarcar las diferentes necesidades del mercado.<\/p>\n<p>Contamos actualmente con diferentes l\u00edneas de productos y nos enfocamos en calidad y servicio.<\/p>\n<p>Estamos comprometidos en brindar la mejor oferta de valor en nuestros productos.<\/p>\n<p>Nos encontramos ubicados en la ciudad de Bogot\u00e1, pero realizamos env\u00edos a todo el pa\u00eds.[\/vc_column_text][vc_column_text]<\/p>\n<ul class=\"about-contact\">\n<li><label>DIRECCI\u00d3N:<\/label><br \/>\nTransversal 93 # 51-98 Bodega 15<br \/>\nParque Empresarial Puerta del Sol<br \/>\nBogot\u00e1, Colombia<\/li>\n<\/ul>\n<ul>\n<li><label><label>TEL\u00c9FONO: (571) 7420770<br \/>\n<\/label><\/label><\/li>\n<li>CELULAR: (57) <label>3102224959<\/label><\/li>\n<\/ul>\n<ul class=\"about-contact\">\n<li><label>EMAIL:<\/label><br \/>\n<a href=\"mailto:info@bujesyescobillas.com\">info@bujesyescobillas.com<\/a><\/li>\n<\/ul>\n<p>[\/vc_column_text][\/vc_column][vc_column width=&#8221;1\/2&#8243;][vc_single_image image=&#8221;2013&#8243; img_size=&#8221;full&#8221; alignment=&#8221;center&#8221;][\/vc_column][\/vc_row][vc_row][vc_column][vc_single_image image=&#8221;2014&#8243; img_size=&#8221;570X380&#8243; alignment=&#8221;center&#8221;][\/vc_column][\/vc_row]<\/p>\n","protected":false},"excerpt":{"rendered":"<p>[vc_row css=&#8221;.vc_custom_1571986910831{margin-top: 65px !important;}&#8221; el_class=&#8221;row-about-1&#8243;][vc_column width=&#8221;1\/2&#8243;][vc_custom_heading text=&#8221;B&amp;E Una Empresa con Calidad&#8221; use_theme_fonts=&#8221;yes&#8221;][vc_column_text]Somos una empresa con m\u00e1s de 30 a\u00f1os de experiencia en el mercado de autopartes, nos enfocamos en la venta de Bujes y Escobillas entre otras l\u00edneas para poder abarcar las diferentes necesidades del mercado. Contamos actualmente con diferentes<\/p>\n","protected":false},"author":1,"featured_media":0,"parent":0,"menu_order":0,"comment_status":"closed","ping_status":"closed","template":"page-templates\/about-page.php","meta":{"footnotes":""},"class_list":["post-1671","page","type-page","status-publish","hentry"],"_links":{"self":[{"href":"https:\/\/bujesyescobillas.com\/index.php?rest_route=\/wp\/v2\/pages\/1671","targetHints":{"allow":["GET"]}}],"collection":[{"href":"https:\/\/bujesyescobillas.com\/index.php?rest_route=\/wp\/v2\/pages"}],"about":[{"href":"https:\/\/bujesyescobillas.com\/index.php?rest_route=\/wp\/v2\/types\/page"}],"author":[{"embeddable":true,"href":"https:\/\/bujesyescobillas.com\/index.php?rest_route=\/wp\/v2\/users\/1"}],"replies":[{"embeddable":true,"href":"https:\/\/bujesyescobillas.com\/index.php?rest_route=%2Fwp%2Fv2%2Fcomments&post=1671"}],"version-history":[{"count":6,"href":"https:\/\/bujesyescobillas.com\/index.php?rest_route=\/wp\/v2\/pages\/1671\/revisions"}],"predecessor-version":[{"id":2015,"href":"https:\/\/bujesyescobillas.com\/index.php?rest_route=\/wp\/v2\/pages\/1671\/revisions\/2015"}],"wp:attachment":[{"href":"https:\/\/bujesyescobillas.com\/index.php?rest_route=%2Fwp%2Fv2%2Fmedia&parent=1671"}],"curies":[{"name":"wp","href":"https:\/\/api.w.org\/{rel}","templated":true}]}}