{"id":2039,"date":"2021-02-17T18:34:49","date_gmt":"2021-02-17T18:34:49","guid":{"rendered":"https:\/\/bujesyescobillas.com\/?page_id=2039"},"modified":"2021-02-18T00:47:04","modified_gmt":"2021-02-18T00:47:04","slug":"password-reset","status":"publish","type":"page","link":"https:\/\/bujesyescobillas.com\/?page_id=2039","title":{"rendered":"Restablecer Contrase\u00f1a"},"content":{"rendered":"\n<div class=\"um um-password um-um_password_id\">\n\t<div class=\"um-form\">\n\t\t<form method=\"post\" action=\"\">\n\t\t\t\n\t\t\t\t<input type=\"hidden\" name=\"_um_password_reset\" id=\"_um_password_reset\" value=\"1\" \/>\n\n\t\t\t\t\t\t\t\t\t<div class=\"um-field um-field-block um-field-type_block\">\n\t\t\t\t\t\t<div class=\"um-field-block\">\n\t\t\t\t\t\t\t<div style=\"text-align:center;\">\n\t\t\t\t\t\t\t\tPara restablecer tu contrase\u00f1a, por favor, introduce a continuaci\u00f3n tu direcci\u00f3n de correo electr\u00f3nico o nombre de usuario.\t\t\t\t\t\t\t<\/div>\n\t\t\t\t\t\t<\/div>\n\t\t\t\t\t<\/div>\n\t\t\t\t<div  id=\"um_field_um_password_id_username_b\" class=\"um-field um-field-text  um-field-username_b um-field-text um-field-type_text\" data-key=\"username_b\"><div class=\"um-field-area\"><input  autocomplete=\"off\" class=\"um-form-field valid \" type=\"text\" name=\"username_b\" id=\"username_b\" value=\"\" placeholder=\"Introduce tu nombre de usuario o correo electr\u00f3nico\" data-validate=\"\" data-key=\"username_b\" \/>\n\n\t\t\t\t\t\t<\/div><\/div>\n\t\t\t\t<div class=\"um-col-alt um-col-alt-b\">\n\n\t\t\t\t\t<div class=\"um-center\">\n\t\t\t\t\t\t<input type=\"submit\" value=\"Restablecer mi contrase\u00f1a\" class=\"um-button\" id=\"um-submit-btn\" \/>\n\t\t\t\t\t<\/div>\n\n\t\t\t\t\t<div class=\"um-clear\"><\/div>\n\n\t\t\t\t<\/div>\n\n\t\t\t\t\t\t<input type=\"hidden\" name=\"form_id\" id=\"form_id_um_password_id\" value=\"um_password_id\" \/>\n\t\n\t<p class=\"um_request_name\">\n\t\t<label for=\"um_request_um_password_id\">Only fill in if you are not human<\/label>\n\t\t<input type=\"hidden\" name=\"um_request\" id=\"um_request_um_password_id\" class=\"input\" value=\"\" size=\"25\" autocomplete=\"off\" \/>\n\t<\/p>\n\n\t\t\t<\/form>\n\t<\/div>\n<\/div>\n<style type=\"text\/css\">\n.um-um_password_id.um {\n\tmax-width: 450px;\n}<\/style>\n\n","protected":false},"excerpt":{"rendered":"Para restablecer tu contrase\u00f1a, por favor, introduce a continuaci\u00f3n tu direcci\u00f3n de correo electr\u00f3nico o nombre de usuario. Only fill in if you are not human","protected":false},"author":1,"featured_media":0,"parent":0,"menu_order":0,"comment_status":"closed","ping_status":"closed","template":"","meta":{"footnotes":""},"class_list":["post-2039","page","type-page","status-publish","hentry"],"_links":{"self":[{"href":"https:\/\/bujesyescobillas.com\/index.php?rest_route=\/wp\/v2\/pages\/2039","targetHints":{"allow":["GET"]}}],"collection":[{"href":"https:\/\/bujesyescobillas.com\/index.php?rest_route=\/wp\/v2\/pages"}],"about":[{"href":"https:\/\/bujesyescobillas.com\/index.php?rest_route=\/wp\/v2\/types\/page"}],"author":[{"embeddable":true,"href":"https:\/\/bujesyescobillas.com\/index.php?rest_route=\/wp\/v2\/users\/1"}],"replies":[{"embeddable":true,"href":"https:\/\/bujesyescobillas.com\/index.php?rest_route=%2Fwp%2Fv2%2Fcomments&post=2039"}],"version-history":[{"count":1,"href":"https:\/\/bujesyescobillas.com\/index.php?rest_route=\/wp\/v2\/pages\/2039\/revisions"}],"predecessor-version":[{"id":2046,"href":"https:\/\/bujesyescobillas.com\/index.php?rest_route=\/wp\/v2\/pages\/2039\/revisions\/2046"}],"wp:attachment":[{"href":"https:\/\/bujesyescobillas.com\/index.php?rest_route=%2Fwp%2Fv2%2Fmedia&parent=2039"}],"curies":[{"name":"wp","href":"https:\/\/api.w.org\/{rel}","templated":true}]}}