{"id":2272,"date":"2021-08-10T17:05:46","date_gmt":"2021-08-10T17:05:46","guid":{"rendered":"https:\/\/bujesyescobillas.com\/?page_id=2272"},"modified":"2021-08-10T17:06:47","modified_gmt":"2021-08-10T17:06:47","slug":"terminos-y-condiciones","status":"publish","type":"page","link":"https:\/\/bujesyescobillas.com\/?page_id=2272","title":{"rendered":"T\u00e9rminos y Condiciones"},"content":{"rendered":"<p>[vc_row][vc_column][vc_column_text]<strong>T\u00c9RMINOS Y CONDICIONES<\/strong><\/p>\n<p><strong>Compras Seguras<\/strong><\/p>\n<p><strong>Compra con total seguridad en GRUPO B&amp;E S.A.S<br \/>\n<\/strong><\/p>\n<p>Queremos que compres con tranquilidad en nuestra tienda virtual,\u00a0 por eso, contamos con procesos de seguridad transaccional que garantizan el adecuado manejo de tu informaci\u00f3n personal, como lo son el protocolo SSL y pagos a trav\u00e9s de Paypal<\/p>\n<p>El protocolo SSL <strong>(Secure Socket Layer) <\/strong>garantiza que durante el proceso de compra la informaci\u00f3n es transportada con algoritmos de cifrado, de forma que si es interceptada no puede ser vista por ning\u00fan tercero.<\/p>\n<p>As\u00ed que adelante, compra con tranquilidad que www.carolinanovoa.com es en un sitio absolutamente SEGURO de comercio electr\u00f3nico.<\/p>\n<p>&nbsp;<\/p>\n<p><strong>Tipos de Datos Personales<\/strong><strong>.<\/strong><\/p>\n<p>GRUPO B&amp;E S.A.S recolecta los siguientes Datos Personales:<\/p>\n<ul>\n<li>Nombre, n\u00famero de documento de identidad, domicilio, tel\u00e9fono, direcci\u00f3n f\u00edsica o postal, correo electr\u00f3nico, e informaci\u00f3n de contacto.<\/li>\n<li>Nacionalidad, fecha de nacimiento, c\u00e9dula de ciudadan\u00eda, sexo y estado civil.<\/li>\n<li>Ocupaci\u00f3n, empresa donde trabaja, cargo y datos de contacto.<\/li>\n<li>Informaci\u00f3n que sea enviada a nosotros o consultada a trav\u00e9s de bases de datos de las redes sociales, entre otros medios donde usted haya incluido sus Datos Personales.<\/li>\n<li>Direcci\u00f3n IP y tipo de browser cuando se obtienen por medios electr\u00f3nicos.<\/li>\n<li>Informaci\u00f3n obtenida por <em>cookies<\/em>, <em>web beacons<\/em>, <em>web crawlers y scripts<\/em>.<\/li>\n<li>Informaci\u00f3n financiera.<\/li>\n<li>Cualquier informaci\u00f3n necesaria para satisfacer solicitudes especiales.<\/li>\n<li>Informaci\u00f3n que usted proporciona en relaci\u00f3n con sus preferencias comerciales o en el transcurso de la participaci\u00f3n en encuestas, concursos u ofertas promocionales.<\/li>\n<li>Im\u00e1genes, fotograf\u00edas y huellas digitales.<\/li>\n<li>Datos Personales que se consideran de car\u00e1cter sensible.<\/li>\n<\/ul>\n<p><strong><br \/>\nTratamiento y Finalidades. <\/strong><\/p>\n<p>GRUPO B&amp;E S.A.S en el curso de sus actividades mercantiles, recolectar\u00e1, utilizar\u00e1, administrar\u00e1, almacenar\u00e1, analizar\u00e1, anonimizar\u00e1, indexar\u00e1, segmentar\u00e1, realizar\u00e1 perfiles, transmitir\u00e1, transferir\u00e1 y realizar\u00e1 diversas operaciones con los Datos Personales. Los Datos Personales procesados por GRUPO B&amp;E S.A.S deber\u00e1n someterse \u00fanicamente a las finalidades que se se\u00f1alan a continuaci\u00f3n o las que sean aceptadas por los Titulares en el momento de la recolecci\u00f3n de los Datos Personales. Asimismo, los encargados o terceros que tengan acceso a los Datos Personales en virtud de la ley, contrato u otro documento vinculante, realizar\u00e1n el tratamiento para la consecuci\u00f3n de las siguientes finalidades:<\/p>\n<p><strong>Para clientes: <\/strong>(a) la creaci\u00f3n de la cuenta personal en la p\u00e1gina web de WWW.BUJESYESCOBILLAS.COM, (b) el procesamiento de \u00f3rdenes y pedidos en l\u00ednea, (c) el env\u00edo de mensajes promocionales, cat\u00e1logos y boletines, (d) contacto con el cliente en el caso de cualquier situaci\u00f3n con la entrega de su pedido, (e) la notificaci\u00f3n de ganadores de promociones online, (f) el manejo de la cuenta de la p\u00e1gina de Arias Duque, (g) la realizaci\u00f3n de promociones y mercadeo dirigido espec\u00edficamente a los clientes, (h) la validaci\u00f3n de la mayor\u00eda de edad, (i) cumplir las obligaciones tributarias, contractuales y legales; (j) evaluar y clasificar clientes y clientes y proveedores,\u00a0 (j) proteger los derechos de Arias Duque, conforme a las disposiciones legales, (k) completar transacciones, obtener datos de facturaci\u00f3n y emitir facturas, (l) llevar a cabo an\u00e1lisis estad\u00edstico de los datos recolectados para optimizar el funcionamiento del servicio prestado, (m) personalizar la p\u00e1gina web y\/o aplicaciones para tel\u00e9fonos m\u00f3viles de acuerdo a los gustos e intereses de los Titulares y (n) compartir la informaci\u00f3n a trav\u00e9s de redes sociales y p\u00e1ginas de internet.<\/p>\n<p><strong>Generales:<\/strong> (a) gestionar toda la informaci\u00f3n necesaria para el cumplimiento de las obligaciones tributarias y de registros comerciales, corporativos y contables de GRUPO B&amp;E S.A.S y de sus clientes, (b) el proceso de archivo, de actualizaci\u00f3n de sistemas, de protecci\u00f3n y de custodia de informaci\u00f3n y bases de datos, (c) adelantar campa\u00f1as de actualizaci\u00f3n de Datos Personales para garantizar la integridad de los mismos, (d) adelantar investigaciones internas de conformidad con las diferentes pol\u00edticas de la empresa en caso de actividades sospechosas que puedan afectar el buen nombre de Arias Duque, (e) el env\u00edo de las modificaciones a esta Pol\u00edtica, as\u00ed como la solicitud de nuevas autorizaciones para el tratamiento de los Datos Personales, (f) transmitir Datos Personales a terceros con los cuales se hayan celebrado contratos con este objeto o se hayan suscrito documentos, tales como otros\u00edes o declaraciones, que permitan transmitir los Datos Personales, para fines comerciales, administrativos y\/u operativos, (g) para dar cumplimiento a los fines mencionados anteriormente, a transferir, transmitir, trasladar, compartir, entregar, y\/o revelar Datos Personales a terceros, dentro y fuera del territorio nacional, incluso a pa\u00edses que no proporcionen niveles adecuados de protecci\u00f3n de Datos Personales.<\/p>\n<p><strong>Derechos de los Titulares<\/strong><strong>.<\/strong><\/p>\n<p>De acuerdo con la ley, los Titulares tienen los siguientes derechos:<\/p>\n<ul>\n<li><strong>Actualizaci\u00f3n: <\/strong>Actualizar los Datos Personales que reposen en las bases de datos de GRUPO B&amp;E S.A.S para mantener su integridad y veracidad.<\/li>\n<li><strong>Conocimiento y Acceso:<\/strong> Conocer y acceder a sus Datos Personales almacenados por GRUPO B&amp;E S.A.S o los encargados. Este acceso se permitir\u00e1 de forma gratuita seg\u00fan solicitud al menos una vez al mes.<\/li>\n<li><strong>Prueba:<\/strong> Solicitar prueba de la autorizaci\u00f3n otorgada a GRUPO B&amp;E S.A.S, salvo que la ley indique que dicha autorizaci\u00f3n no es necesaria o que la misma haya sido validada con arreglo a lo establecido en el Decreto 1074 de 2015.<\/li>\n<li><strong>Queja: <\/strong>Presentar ante la Superintendencia de Industria y Comercio quejas por infracciones a la ley cuando se haya agotado el requisito de procedibilidad y acudir en primera instancia a GRUPO B&amp;E S.A.S<\/li>\n<li><strong>Rectificaci\u00f3n:<\/strong> Rectificar la informaci\u00f3n y los Datos Personales que est\u00e9n bajo el control de GRUPO B&amp;E S.A.S<\/li>\n<li><strong>Revocaci\u00f3n:<\/strong> Solicitar la revocatoria de la autorizaci\u00f3n, siempre y cuando no exista un deber legal o una obligaci\u00f3n de car\u00e1cter contractual en cabeza del Titular con GRUPO B&amp;E S.A.S, seg\u00fan la cual el Titular no tenga el derecho de solicitar la supresi\u00f3n de sus Datos Personales.<\/li>\n<li><strong>Solicitud:<\/strong> Presentar solicitudes ante Arias Duque o el encargado respecto del uso que les han dado a sus Datos Personales.<\/li>\n<li><strong>Supresi\u00f3n:<\/strong> Solicitar la supresi\u00f3n de sus Datos Personales de las bases de datos de GRUPO B&amp;E S.A.S, siempre y cuando no exista un deber legal o una obligaci\u00f3n de car\u00e1cter contractual en cabeza del Titular con GRUPO B&amp;E S.A.Sseg\u00fan la cual el Titular no tenga el derecho de solicitar la supresi\u00f3n de sus Datos Personales.<\/li>\n<\/ul>\n<p>Los Titulares podr\u00e1n ejercer sus derechos de ley y realizar los procedimientos establecidos en esta Pol\u00edtica contactando a la compa\u00f1\u00eda a trav\u00e9s del correo electr\u00f3nico GRUPO B&amp;E S.A.S email info@bujesyescobillas.com se encargar\u00e1 de responder las quejas, solicitudes o reclamos con arreglo a lo dispuesto en las normas colombianas de protecci\u00f3n de Datos Personales y dentro de los t\u00e9rminos all\u00ed establecidos.<\/p>\n<p>&nbsp;<\/p>\n<p><strong>Pol\u00edticas de Privacidad<\/strong><\/p>\n<p>Al ingresar y\/o usar este sitio, el Usuario de la p\u00e1gina admite haber le\u00eddo y entendido estos T\u00e9rminos y Condiciones de Uso y est\u00e1 de acuerdo con acogerse a los mismos y cumplir con todas las leyes y los reglamentos aplicables que hagan parte de la legislaci\u00f3n colombiana.\u00a0Aquellos Usuarios que decidan ingresar a este sitio desde otros pa\u00edses lo har\u00e1n bajo su propia iniciativa y es su responsabilidad el sujetarse a las leyes locales que sean aplicables.<\/p>\n<p>Cualquier reclamo en relaci\u00f3n con el uso de este sitio y el material en \u00e9l contenido est\u00e1 regulado por las leyes de Colombia.<\/p>\n<p>HABEAS DATA<\/p>\n<p>Las pol\u00edticas que se describen a continuaci\u00f3n se aplican al tratamiento de los datos de car\u00e1cter personal que recoja y controle<strong> GRUPO B&amp;E S.A.S<\/strong>, en adelante gen\u00e9ricamente<strong> GRUPO B&amp;E S.A.S \/BUJES Y ESCOBILLAS <\/strong>con domicilio en TRANSVERSAL 93 # 51-98 BODEGA 15 PARQUE EMPRESARIAL PUERTA DEL SOL<\/p>\n<p>Al momento de acceder al sitio, el Usuario declara que conoce y autoriza de manera libre, previa, voluntaria, expresa y debidamente informada a GRUPO B&amp;E S.A.S para recolectar, registrar, procesar, difundir, compilar, intercambiar, actualizar y disponer de los datos o informaci\u00f3n parcial suministrada al momento de registro en el sitio de comercio electr\u00f3nico <a href=\"http:\/\/www.carolinanova.com\">www<\/a>.bujesyescobillas.com con el fin de que GRUPO B&amp;E S.A.S A pueda ofrecer sus servicios a sus clientes de una manera m\u00e1s personalizada y directa, utilizando la informaci\u00f3n que de forma voluntaria se suministr\u00f3 en este registro realizado el sitio de comercio electr\u00f3nico ca<a href=\"http:\/\/www.carolinanovoa.com\">www.bujesyescobillas.com<\/a><\/p>\n<p>Las pol\u00edticas contenidas en el presente documento se elaboraron teniendo en cuenta las disposiciones contenidas en los art\u00edculos 15 y 20 de la Constituci\u00f3n Pol\u00edtica, la Ley 1581 de 2012 \u201cPor la cual se dictan disposiciones generales para la protecci\u00f3n de datos personales\u201d y el Decreto 1377 de 2013 \u201cpor el cual se reglamenta parcialmente la ley 1581 de 2012.\u201d<\/p>\n<p>Las pol\u00edticas y procedimientos contenidos en el presente documento aplican a las bases de datos contentivas de informaci\u00f3n de: clientes, usuarios de nuestra p\u00e1gina web, empleados y terceros en general, informaci\u00f3n que ha sido recolectada en desarrollo del objeto social de <strong>BUJES Y ESCOBLLAS S.A.S<\/strong> con ocasi\u00f3n del ofrecimiento y venta de nuestros productos, dentro del marco de las diferentes relaciones comerciales adelantadas, a trav\u00e9s de actividades de mercadeo, en medios electr\u00f3nicos, f\u00edsicos o redes sociales, procesos de selecci\u00f3n de personal y vinculaci\u00f3n laboral. El per\u00edodo de vigencia de tales bases de datos va hasta el 31 de Diciembre de 2018.<\/p>\n<p>&nbsp;<\/p>\n<p>&nbsp;<\/p>\n<p>&nbsp;[\/vc_column_text][\/vc_column][\/vc_row]<\/p>\n","protected":false},"excerpt":{"rendered":"<p>[vc_row][vc_column][vc_column_text]T\u00c9RMINOS Y CONDICIONES Compras Seguras Compra con total seguridad en GRUPO B&amp;E S.A.S Queremos que compres con tranquilidad en nuestra tienda virtual,\u00a0 por eso, contamos con procesos de seguridad transaccional que garantizan el adecuado manejo de tu informaci\u00f3n personal, como lo son el protocolo SSL y pagos a trav\u00e9s de<\/p>\n","protected":false},"author":1,"featured_media":0,"parent":0,"menu_order":0,"comment_status":"closed","ping_status":"closed","template":"","meta":{"footnotes":""},"class_list":["post-2272","page","type-page","status-publish","hentry"],"_links":{"self":[{"href":"https:\/\/bujesyescobillas.com\/index.php?rest_route=\/wp\/v2\/pages\/2272","targetHints":{"allow":["GET"]}}],"collection":[{"href":"https:\/\/bujesyescobillas.com\/index.php?rest_route=\/wp\/v2\/pages"}],"about":[{"href":"https:\/\/bujesyescobillas.com\/index.php?rest_route=\/wp\/v2\/types\/page"}],"author":[{"embeddable":true,"href":"https:\/\/bujesyescobillas.com\/index.php?rest_route=\/wp\/v2\/users\/1"}],"replies":[{"embeddable":true,"href":"https:\/\/bujesyescobillas.com\/index.php?rest_route=%2Fwp%2Fv2%2Fcomments&post=2272"}],"version-history":[{"count":1,"href":"https:\/\/bujesyescobillas.com\/index.php?rest_route=\/wp\/v2\/pages\/2272\/revisions"}],"predecessor-version":[{"id":2273,"href":"https:\/\/bujesyescobillas.com\/index.php?rest_route=\/wp\/v2\/pages\/2272\/revisions\/2273"}],"wp:attachment":[{"href":"https:\/\/bujesyescobillas.com\/index.php?rest_route=%2Fwp%2Fv2%2Fmedia&parent=2272"}],"curies":[{"name":"wp","href":"https:\/\/api.w.org\/{rel}","templated":true}]}}